{"id":609,"date":"2023-08-02T16:41:33","date_gmt":"2023-08-02T13:41:33","guid":{"rendered":"https:\/\/musterek.sosyalgirisimcilikagi.org\/?page_id=609"},"modified":"2023-11-28T18:08:05","modified_gmt":"2023-11-28T15:08:05","slug":"faaliyet-haberler","status":"publish","type":"page","link":"https:\/\/musterek.sosyalgirisimcilikagi.org\/?page_id=609","title":{"rendered":"Faaliyet &#038; Haberler"},"content":{"rendered":"\t\t<div data-elementor-type=\"wp-page\" data-elementor-id=\"609\" class=\"elementor elementor-609\">\n\t\t\t\t\t\t<section class=\"elementor-section elementor-top-section elementor-element elementor-element-1b249e9 elementor-section-boxed elementor-section-height-default elementor-section-height-default\" data-id=\"1b249e9\" data-element_type=\"section\">\n\t\t\t\t\t\t<div class=\"elementor-container elementor-column-gap-default\">\n\t\t\t\t\t<div class=\"elementor-column elementor-col-100 elementor-top-column elementor-element elementor-element-8bee4b5\" data-id=\"8bee4b5\" data-element_type=\"column\">\n\t\t\t<div class=\"elementor-widget-wrap elementor-element-populated\">\n\t\t\t\t\t\t<div class=\"elementor-element elementor-element-aa8c22b elementor-widget-divider--view-line elementor-widget elementor-widget-divider\" data-id=\"aa8c22b\" data-element_type=\"widget\" data-widget_type=\"divider.default\">\n\t\t\t\t<div class=\"elementor-widget-container\">\n\t\t\t\t\t<div class=\"elementor-divider\">\n\t\t\t<span class=\"elementor-divider-separator\">\n\t\t\t\t\t\t<\/span>\n\t\t<\/div>\n\t\t\t\t<\/div>\n\t\t\t\t<\/div>\n\t\t\t\t\t<\/div>\n\t\t<\/div>\n\t\t\t\t\t<\/div>\n\t\t<\/section>\n\t\t\t\t<section class=\"elementor-section elementor-top-section elementor-element elementor-element-6b2feed elementor-section-boxed elementor-section-height-default elementor-section-height-default\" data-id=\"6b2feed\" data-element_type=\"section\">\n\t\t\t\t\t\t<div class=\"elementor-container elementor-column-gap-default\">\n\t\t\t\t\t<div class=\"elementor-column elementor-col-100 elementor-top-column elementor-element elementor-element-a01f71a\" data-id=\"a01f71a\" data-element_type=\"column\">\n\t\t\t<div class=\"elementor-widget-wrap elementor-element-populated\">\n\t\t\t\t\t\t<div class=\"elementor-element elementor-element-8da49ac meta-visibility-show title_position_default title_hover_border_default title-default img_hover_animation_default meta_position_default readmore-btn-default-style grid-hover-overlay-type-always grid-hover-overlay-height-default hover-overlay-height-default tpg-border-bottom-disable elementor-widget elementor-widget-tpg-grid-hover-layout\" data-id=\"8da49ac\" data-element_type=\"widget\" data-widget_type=\"tpg-grid-hover-layout.default\">\n\t\t\t\t<div class=\"elementor-widget-container\">\n\t\t\t\n\t\t<div class=\"rt-container-fluid rt-tpg-container tpg-el-main-wrapper grid_hover-layout1-main \"\n\t\t\t id=\"rt-tpg-container-1762204188\"\n\t\t\t data-layout=\"grid_hover-layout1\"\n\t\t\t data-sc-id=\"elementor\"\n\t\t\t data-el-settings=''\n\t\t\t data-el-query=''\n\t\t\t data-el-path=''\n\t\t>\n\t\t\t\t\t\t\t<div id=\"bottom-script-loader\" class=\"bottom-script-loader\">\n\t\t\t\t\t<div class=\"rt-ball-clip-rotate\">\n\t\t\t\t\t\t<div><\/div>\n\t\t\t\t\t<\/div>\n\t\t\t\t<\/div>\n\t\t\t\t\t\t\t<div class='tpg-header-wrapper '>\n\t\t\t\t\t\t\t<\/div>\n\t\t\t\n\t\t\t<div data-title=\"Loading ...\"\n\t\t\t\t class=\"rt-row rt-content-loader grid_hover-layout1 tpg-even grid-behaviour grid_hover_layout_wrapper\">\n\t\t\t\t\n<div class=\"rt-col-md-4 rt-col-sm-6 rt-col-xs-12 default rt-grid-hover-item rt-grid-item\" data-id=\"1808\">\n\t<div class=\"rt-holder tpg-post-holder\">\n\t\t<div class=\"rt-detail rt-el-content-wrapper\">\n\t\t\t\t\t\t\t<div class=\"rt-img-holder tpg-el-image-wrap has-thumbnail\">\n\t\t\t\t\t<a data-id=\"1808\" href=\"https:\/\/musterek.sosyalgirisimcilikagi.org\/?p=1808\" class=\"tpg-post-link\" target=\"_self\">                        <img fetchpriority=\"high\" decoding=\"async\" src=\"https:\/\/musterek.sosyalgirisimcilikagi.org\/wp-content\/uploads\/2023\/11\/sliders-16-768x432.png\"\n                             class=\"rt-img-responsive\"\n                             width=\"768\"\n                             height=\"432\"\n                             alt=\"Kapsay\u0131c\u0131 Giri\u015fimcilik Uygulama Toplulu\u011fu\">\n\t\t\t\t\t\t\n\t\t\t\t\t\t\t\n\t\t<\/a>\n\t\t        <div class=\"overlay grid-hover-content\"><\/div>\n\t\t\t\t\t\t<\/div>\n\t\t\t\n\t\t\t<div class=\"grid-hover-content\">\n\t\t\t\t<div class=\"entry-title-wrapper\"><h3 class=\"entry-title\"><a data-id=\"1808\" href=\"https:\/\/musterek.sosyalgirisimcilikagi.org\/?p=1808\" class=\"tpg-post-link\" target=\"_self\">Kapsay\u0131c\u0131 Giri\u015fimcilik Uygulama Toplulu\u011fu<\/a><\/h3><\/div>\n\t\t\t\t\t\t\t\t\t<div class=\"post-meta-tags rt-el-post-meta\">\n\t\t\t\t\t\t            <span class='date'>\n\t\t\t\t<i class='far fa-calendar-alt '><\/i>\t\t\t\t<a href=\"https:\/\/musterek.sosyalgirisimcilikagi.org\/?m=20231122\">\n\t\t\t\t\tNovember 22, 2023\t\t\t\t<\/a>\n\t\t\t<\/span>\n\t\t\t\t\t\t\t\t<\/div>\n\t\t\t\t\n\t\t\t\t\t\t\t\t\t<div class=\"tpg-excerpt tpg-el-excerpt\">\n\t\t\t\t\t\t\t\t\t\t\t\t\t<div class=\"tpg-excerpt-inner\">\n\t\t\t\t\t\t\t\tKapsay\u0131c\u0131 Giri\u015fimcilik Uygulama Toplulu\u011fu Kapsay\u0131c\u0131 giri\u015fimcilik \u00fczerine bilgi ve tecr\u00fcbe payla\u015f\u0131m\u0131...\t\t\t\t\t\t\t<\/div>\n\t\t\t\t\t\t\t\t\t\t\t\t\t\t\t\t\t<\/div>\n\t\t\t\t\n\t\t\t\t        <div class=\"post-footer\">\n            <div class=\"post-footer\">\n                <div class=\"read-more\">\n\t\t\t\t\t<a data-id=\"1808\" href=\"https:\/\/musterek.sosyalgirisimcilikagi.org\/?p=1808\" class=\"tpg-post-link\" target=\"_self\">Daha Fazla<\/a>                <\/div>\n            <\/div>\n        <\/div>\n\t\t\t\t\t<\/div>\n\t\t<\/div>\n\t<\/div>\n<\/div>\n\n<div class=\"rt-col-md-4 rt-col-sm-6 rt-col-xs-12 default rt-grid-hover-item rt-grid-item\" data-id=\"1655\">\n\t<div class=\"rt-holder tpg-post-holder\">\n\t\t<div class=\"rt-detail rt-el-content-wrapper\">\n\t\t\t\t\t\t\t<div class=\"rt-img-holder tpg-el-image-wrap has-thumbnail\">\n\t\t\t\t\t<a data-id=\"1655\" href=\"https:\/\/musterek.sosyalgirisimcilikagi.org\/?p=1655\" class=\"tpg-post-link\" target=\"_self\">                        <img decoding=\"async\" src=\"https:\/\/musterek.sosyalgirisimcilikagi.org\/wp-content\/uploads\/2023\/11\/Toolkit-arka-fon-3-768x432.png\"\n                             class=\"rt-img-responsive\"\n                             width=\"768\"\n                             height=\"432\"\n                             alt=\"Kapsay\u0131c\u0131l\u0131k Ara\u00e7 Seti Yay\u0131nda!\">\n\t\t\t\t\t\t\n\t\t\t\t\t\t\t\n\t\t<\/a>\n\t\t        <div class=\"overlay grid-hover-content\"><\/div>\n\t\t\t\t\t\t<\/div>\n\t\t\t\n\t\t\t<div class=\"grid-hover-content\">\n\t\t\t\t<div class=\"entry-title-wrapper\"><h3 class=\"entry-title\"><a data-id=\"1655\" href=\"https:\/\/musterek.sosyalgirisimcilikagi.org\/?p=1655\" class=\"tpg-post-link\" target=\"_self\">Kapsay\u0131c\u0131l\u0131k Ara\u00e7 Seti Yay\u0131nda!<\/a><\/h3><\/div>\n\t\t\t\t\t\t\t\t\t<div class=\"post-meta-tags rt-el-post-meta\">\n\t\t\t\t\t\t            <span class='date'>\n\t\t\t\t<i class='far fa-calendar-alt '><\/i>\t\t\t\t<a href=\"https:\/\/musterek.sosyalgirisimcilikagi.org\/?m=20231113\">\n\t\t\t\t\tNovember 13, 2023\t\t\t\t<\/a>\n\t\t\t<\/span>\n\t\t\t\t\t\t\t\t<\/div>\n\t\t\t\t\n\t\t\t\t\t\t\t\t\t<div class=\"tpg-excerpt tpg-el-excerpt\">\n\t\t\t\t\t\t\t\t\t\t\t\t\t<div class=\"tpg-excerpt-inner\">\n\t\t\t\t\t\t\t\tKapsay\u0131c\u0131l\u0131k Ara\u00e7 Seti: \u00a0 \u00a0Bu ara\u00e7 seti programlar\u0131n\u0131z\u0131 daha kapsay\u0131c\u0131 bir \u015fekilde tasarlaman\u0131za ve...\t\t\t\t\t\t\t<\/div>\n\t\t\t\t\t\t\t\t\t\t\t\t\t\t\t\t\t<\/div>\n\t\t\t\t\n\t\t\t\t        <div class=\"post-footer\">\n            <div class=\"post-footer\">\n                <div class=\"read-more\">\n\t\t\t\t\t<a data-id=\"1655\" href=\"https:\/\/musterek.sosyalgirisimcilikagi.org\/?p=1655\" class=\"tpg-post-link\" target=\"_self\">Daha Fazla<\/a>                <\/div>\n            <\/div>\n        <\/div>\n\t\t\t\t\t<\/div>\n\t\t<\/div>\n\t<\/div>\n<\/div>\n\n<div class=\"rt-col-md-4 rt-col-sm-6 rt-col-xs-12 default rt-grid-hover-item rt-grid-item\" data-id=\"1609\">\n\t<div class=\"rt-holder tpg-post-holder\">\n\t\t<div class=\"rt-detail rt-el-content-wrapper\">\n\t\t\t\t\t\t\t<div class=\"rt-img-holder tpg-el-image-wrap has-thumbnail\">\n\t\t\t\t\t<a data-id=\"1609\" href=\"https:\/\/musterek.sosyalgirisimcilikagi.org\/?p=1609\" class=\"tpg-post-link\" target=\"_self\">                        <img decoding=\"async\" src=\"https:\/\/musterek.sosyalgirisimcilikagi.org\/wp-content\/uploads\/2023\/10\/sliders-11-768x432.png\"\n                             class=\"rt-img-responsive\"\n                             width=\"768\"\n                             height=\"432\"\n                             alt=\"Kapsay\u0131c\u0131l\u0131k Festivali\">\n\t\t\t\t\t\t\n\t\t\t\t\t\t\t\n\t\t<\/a>\n\t\t        <div class=\"overlay grid-hover-content\"><\/div>\n\t\t\t\t\t\t<\/div>\n\t\t\t\n\t\t\t<div class=\"grid-hover-content\">\n\t\t\t\t<div class=\"entry-title-wrapper\"><h3 class=\"entry-title\"><a data-id=\"1609\" href=\"https:\/\/musterek.sosyalgirisimcilikagi.org\/?p=1609\" class=\"tpg-post-link\" target=\"_self\">Kapsay\u0131c\u0131l\u0131k Festivali<\/a><\/h3><\/div>\n\t\t\t\t\t\t\t\t\t<div class=\"post-meta-tags rt-el-post-meta\">\n\t\t\t\t\t\t            <span class='date'>\n\t\t\t\t<i class='far fa-calendar-alt '><\/i>\t\t\t\t<a href=\"https:\/\/musterek.sosyalgirisimcilikagi.org\/?m=20231031\">\n\t\t\t\t\tOctober 31, 2023\t\t\t\t<\/a>\n\t\t\t<\/span>\n\t\t\t\t\t\t\t\t<\/div>\n\t\t\t\t\n\t\t\t\t\t\t\t\t\t<div class=\"tpg-excerpt tpg-el-excerpt\">\n\t\t\t\t\t\t\t\t\t\t\t\t\t<div class=\"tpg-excerpt-inner\">\n\t\t\t\t\t\t\t\tKapsay\u0131c\u0131 Giri\u015fimcilik Festivali Daha kapsay\u0131c\u0131 bir giri\u015fimcilik destek ekosistemi i\u00e7in bir araya...\t\t\t\t\t\t\t<\/div>\n\t\t\t\t\t\t\t\t\t\t\t\t\t\t\t\t\t<\/div>\n\t\t\t\t\n\t\t\t\t        <div class=\"post-footer\">\n            <div class=\"post-footer\">\n                <div class=\"read-more\">\n\t\t\t\t\t<a data-id=\"1609\" href=\"https:\/\/musterek.sosyalgirisimcilikagi.org\/?p=1609\" class=\"tpg-post-link\" target=\"_self\">Daha Fazla<\/a>                <\/div>\n            <\/div>\n        <\/div>\n\t\t\t\t\t<\/div>\n\t\t<\/div>\n\t<\/div>\n<\/div>\n\n<div class=\"rt-col-md-4 rt-col-sm-6 rt-col-xs-12 default rt-grid-hover-item rt-grid-item\" data-id=\"1197\">\n\t<div class=\"rt-holder tpg-post-holder\">\n\t\t<div class=\"rt-detail rt-el-content-wrapper\">\n\t\t\t\t\t\t\t<div class=\"rt-img-holder tpg-el-image-wrap has-thumbnail\">\n\t\t\t\t\t<a data-id=\"1197\" href=\"https:\/\/musterek.sosyalgirisimcilikagi.org\/?p=1197\" class=\"tpg-post-link\" target=\"_self\">                        <img loading=\"lazy\" decoding=\"async\" src=\"https:\/\/musterek.sosyalgirisimcilikagi.org\/wp-content\/uploads\/2023\/10\/sliders-6-768x432.png\"\n                             class=\"rt-img-responsive\"\n                             width=\"768\"\n                             height=\"432\"\n                             alt=\"G\u00fc\u00e7lendirme Program\u0131 Youtube&#8217;da!\">\n\t\t\t\t\t\t\n\t\t\t\t\t\t\t\n\t\t<\/a>\n\t\t        <div class=\"overlay grid-hover-content\"><\/div>\n\t\t\t\t\t\t<\/div>\n\t\t\t\n\t\t\t<div class=\"grid-hover-content\">\n\t\t\t\t<div class=\"entry-title-wrapper\"><h3 class=\"entry-title\"><a data-id=\"1197\" href=\"https:\/\/musterek.sosyalgirisimcilikagi.org\/?p=1197\" class=\"tpg-post-link\" target=\"_self\">G\u00fc\u00e7lendirme Program\u0131 Youtube&#8217;da!<\/a><\/h3><\/div>\n\t\t\t\t\t\t\t\t\t<div class=\"post-meta-tags rt-el-post-meta\">\n\t\t\t\t\t\t            <span class='date'>\n\t\t\t\t<i class='far fa-calendar-alt '><\/i>\t\t\t\t<a href=\"https:\/\/musterek.sosyalgirisimcilikagi.org\/?m=20230922\">\n\t\t\t\t\tSeptember 22, 2023\t\t\t\t<\/a>\n\t\t\t<\/span>\n\t\t\t\t\t\t\t\t<\/div>\n\t\t\t\t\n\t\t\t\t\t\t\t\t\t<div class=\"tpg-excerpt tpg-el-excerpt\">\n\t\t\t\t\t\t\t\t\t\t\t\t\t<div class=\"tpg-excerpt-inner\">\n\t\t\t\t\t\t\t\tG\u00fc\u00e7lendirme Program\u0131 Kay\u0131tlar\u0131 TSGA Youtube Kanal\u0131nda Yay\u0131nda! Enhancer &#8211; M\u00fc\u015fterek Projesi...\t\t\t\t\t\t\t<\/div>\n\t\t\t\t\t\t\t\t\t\t\t\t\t\t\t\t\t<\/div>\n\t\t\t\t\n\t\t\t\t        <div class=\"post-footer\">\n            <div class=\"post-footer\">\n                <div class=\"read-more\">\n\t\t\t\t\t<a data-id=\"1197\" href=\"https:\/\/musterek.sosyalgirisimcilikagi.org\/?p=1197\" class=\"tpg-post-link\" target=\"_self\">Daha Fazla<\/a>                <\/div>\n            <\/div>\n        <\/div>\n\t\t\t\t\t<\/div>\n\t\t<\/div>\n\t<\/div>\n<\/div>\n\n<div class=\"rt-col-md-4 rt-col-sm-6 rt-col-xs-12 default rt-grid-hover-item rt-grid-item\" data-id=\"594\">\n\t<div class=\"rt-holder tpg-post-holder\">\n\t\t<div class=\"rt-detail rt-el-content-wrapper\">\n\t\t\t\t\t\t\t<div class=\"rt-img-holder tpg-el-image-wrap has-thumbnail\">\n\t\t\t\t\t<a data-id=\"594\" href=\"https:\/\/musterek.sosyalgirisimcilikagi.org\/?p=594\" class=\"tpg-post-link\" target=\"_self\">                        <img loading=\"lazy\" decoding=\"async\" src=\"https:\/\/musterek.sosyalgirisimcilikagi.org\/wp-content\/uploads\/2023\/08\/Ana-sayfa-slider-2-768x432.png\"\n                             class=\"rt-img-responsive\"\n                             width=\"768\"\n                             height=\"432\"\n                             alt=\"G\u00fc\u00e7lendirme Program\u0131\">\n\t\t\t\t\t\t\n\t\t\t\t\t\t\t\n\t\t<\/a>\n\t\t        <div class=\"overlay grid-hover-content\"><\/div>\n\t\t\t\t\t\t<\/div>\n\t\t\t\n\t\t\t<div class=\"grid-hover-content\">\n\t\t\t\t<div class=\"entry-title-wrapper\"><h3 class=\"entry-title\"><a data-id=\"594\" href=\"https:\/\/musterek.sosyalgirisimcilikagi.org\/?p=594\" class=\"tpg-post-link\" target=\"_self\">G\u00fc\u00e7lendirme Program\u0131<\/a><\/h3><\/div>\n\t\t\t\t\t\t\t\t\t<div class=\"post-meta-tags rt-el-post-meta\">\n\t\t\t\t\t\t            <span class='date'>\n\t\t\t\t<i class='far fa-calendar-alt '><\/i>\t\t\t\t<a href=\"https:\/\/musterek.sosyalgirisimcilikagi.org\/?m=20230802\">\n\t\t\t\t\tAugust 2, 2023\t\t\t\t<\/a>\n\t\t\t<\/span>\n\t\t\t\t\t\t\t\t<\/div>\n\t\t\t\t\n\t\t\t\t\t\t\t\t\t<div class=\"tpg-excerpt tpg-el-excerpt\">\n\t\t\t\t\t\t\t\t\t\t\t\t\t<div class=\"tpg-excerpt-inner\">\n\t\t\t\t\t\t\t\tM\u00fc\u015fterek Enhancer &#8211; M\u00fc\u015fterek Projesi G\u00fc\u00e7lendirme Program\u0131 6 Haziran, 21 Haziran, 12 Temmuz...\t\t\t\t\t\t\t<\/div>\n\t\t\t\t\t\t\t\t\t\t\t\t\t\t\t\t\t<\/div>\n\t\t\t\t\n\t\t\t\t        <div class=\"post-footer\">\n            <div class=\"post-footer\">\n                <div class=\"read-more\">\n\t\t\t\t\t<a data-id=\"594\" href=\"https:\/\/musterek.sosyalgirisimcilikagi.org\/?p=594\" class=\"tpg-post-link\" target=\"_self\">Daha Fazla<\/a>                <\/div>\n            <\/div>\n        <\/div>\n\t\t\t\t\t<\/div>\n\t\t<\/div>\n\t<\/div>\n<\/div>\n\n<div class=\"rt-col-md-4 rt-col-sm-6 rt-col-xs-12 default rt-grid-hover-item rt-grid-item\" data-id=\"1295\">\n\t<div class=\"rt-holder tpg-post-holder\">\n\t\t<div class=\"rt-detail rt-el-content-wrapper\">\n\t\t\t\t\t\t\t<div class=\"rt-img-holder tpg-el-image-wrap has-thumbnail\">\n\t\t\t\t\t<a data-id=\"1295\" href=\"https:\/\/musterek.sosyalgirisimcilikagi.org\/?p=1295\" class=\"tpg-post-link\" target=\"_self\">                        <img loading=\"lazy\" decoding=\"async\" src=\"https:\/\/musterek.sosyalgirisimcilikagi.org\/wp-content\/uploads\/2023\/10\/sliders-9-768x432.png\"\n                             class=\"rt-img-responsive\"\n                             width=\"768\"\n                             height=\"432\"\n                             alt=\"Ortak Tasar\u0131m At\u00f6lyeleri Tamamland\u0131!\">\n\t\t\t\t\t\t\n\t\t\t\t\t\t\t\n\t\t<\/a>\n\t\t        <div class=\"overlay grid-hover-content\"><\/div>\n\t\t\t\t\t\t<\/div>\n\t\t\t\n\t\t\t<div class=\"grid-hover-content\">\n\t\t\t\t<div class=\"entry-title-wrapper\"><h3 class=\"entry-title\"><a data-id=\"1295\" href=\"https:\/\/musterek.sosyalgirisimcilikagi.org\/?p=1295\" class=\"tpg-post-link\" target=\"_self\">Ortak Tasar\u0131m At\u00f6lyeleri Tamamland\u0131!<\/a><\/h3><\/div>\n\t\t\t\t\t\t\t\t\t<div class=\"post-meta-tags rt-el-post-meta\">\n\t\t\t\t\t\t            <span class='date'>\n\t\t\t\t<i class='far fa-calendar-alt '><\/i>\t\t\t\t<a href=\"https:\/\/musterek.sosyalgirisimcilikagi.org\/?m=20231004\">\n\t\t\t\t\tOctober 4, 2023\t\t\t\t<\/a>\n\t\t\t<\/span>\n\t\t\t\t\t\t\t\t<\/div>\n\t\t\t\t\n\t\t\t\t\t\t\t\t\t<div class=\"tpg-excerpt tpg-el-excerpt\">\n\t\t\t\t\t\t\t\t\t\t\t\t\t<div class=\"tpg-excerpt-inner\">\n\t\t\t\t\t\t\t\tOrtak Tasar\u0131m At\u00f6lyeleri Tamamland\u0131! M\u00fc\u015fterek Projesi kapsam\u0131nda ilk ortak tasar\u0131m at\u00f6lyesi ORIGINN...\t\t\t\t\t\t\t<\/div>\n\t\t\t\t\t\t\t\t\t\t\t\t\t\t\t\t\t<\/div>\n\t\t\t\t\n\t\t\t\t        <div class=\"post-footer\">\n            <div class=\"post-footer\">\n                <div class=\"read-more\">\n\t\t\t\t\t<a data-id=\"1295\" href=\"https:\/\/musterek.sosyalgirisimcilikagi.org\/?p=1295\" class=\"tpg-post-link\" target=\"_self\">Daha Fazla<\/a>                <\/div>\n            <\/div>\n        <\/div>\n\t\t\t\t\t<\/div>\n\t\t<\/div>\n\t<\/div>\n<\/div>\n\n<div class=\"rt-col-md-4 rt-col-sm-6 rt-col-xs-12 default rt-grid-hover-item rt-grid-item\" data-id=\"685\">\n\t<div class=\"rt-holder tpg-post-holder\">\n\t\t<div class=\"rt-detail rt-el-content-wrapper\">\n\t\t\t\t\t\t\t<div class=\"rt-img-holder tpg-el-image-wrap has-thumbnail\">\n\t\t\t\t\t<a data-id=\"685\" href=\"https:\/\/musterek.sosyalgirisimcilikagi.org\/?p=685\" class=\"tpg-post-link\" target=\"_self\">                        <img loading=\"lazy\" decoding=\"async\" src=\"https:\/\/musterek.sosyalgirisimcilikagi.org\/wp-content\/uploads\/2023\/08\/Ana-sayfa-slider-1-768x432.png\"\n                             class=\"rt-img-responsive\"\n                             width=\"768\"\n                             height=\"432\"\n                             alt=\"M\u00fc\u015fterek Projesi Hakk\u0131nda\">\n\t\t\t\t\t\t\n\t\t\t\t\t\t\t\n\t\t<\/a>\n\t\t        <div class=\"overlay grid-hover-content\"><\/div>\n\t\t\t\t\t\t<\/div>\n\t\t\t\n\t\t\t<div class=\"grid-hover-content\">\n\t\t\t\t<div class=\"entry-title-wrapper\"><h3 class=\"entry-title\"><a data-id=\"685\" href=\"https:\/\/musterek.sosyalgirisimcilikagi.org\/?p=685\" class=\"tpg-post-link\" target=\"_self\">M\u00fc\u015fterek Projesi Hakk\u0131nda<\/a><\/h3><\/div>\n\t\t\t\t\t\t\t\t\t<div class=\"post-meta-tags rt-el-post-meta\">\n\t\t\t\t\t\t            <span class='date'>\n\t\t\t\t<i class='far fa-calendar-alt '><\/i>\t\t\t\t<a href=\"https:\/\/musterek.sosyalgirisimcilikagi.org\/?m=20230803\">\n\t\t\t\t\tAugust 3, 2023\t\t\t\t<\/a>\n\t\t\t<\/span>\n\t\t\t\t\t\t\t\t<\/div>\n\t\t\t\t\n\t\t\t\t\t\t\t\t\t<div class=\"tpg-excerpt tpg-el-excerpt\">\n\t\t\t\t\t\t\t\t\t\t\t\t\t<div class=\"tpg-excerpt-inner\">\n\t\t\t\t\t\t\t\tAvrupa Birli\u011fi taraf\u0131ndan finanse edilen ve Uluslararas\u0131 G\u00f6\u00e7 Politikalar\u0131 Geli\u015ftirme Merkezi (ICMPD)...\t\t\t\t\t\t\t<\/div>\n\t\t\t\t\t\t\t\t\t\t\t\t\t\t\t\t\t<\/div>\n\t\t\t\t\n\t\t\t\t        <div class=\"post-footer\">\n            <div class=\"post-footer\">\n                <div class=\"read-more\">\n\t\t\t\t\t<a data-id=\"685\" href=\"https:\/\/musterek.sosyalgirisimcilikagi.org\/?p=685\" class=\"tpg-post-link\" target=\"_self\">Daha Fazla<\/a>                <\/div>\n            <\/div>\n        <\/div>\n\t\t\t\t\t<\/div>\n\t\t<\/div>\n\t<\/div>\n<\/div>\n\n<div class=\"rt-col-md-4 rt-col-sm-6 rt-col-xs-12 default rt-grid-hover-item rt-grid-item\" data-id=\"1092\">\n\t<div class=\"rt-holder tpg-post-holder\">\n\t\t<div class=\"rt-detail rt-el-content-wrapper\">\n\t\t\t\t\t\t\t<div class=\"rt-img-holder tpg-el-image-wrap has-thumbnail\">\n\t\t\t\t\t<a data-id=\"1092\" href=\"https:\/\/musterek.sosyalgirisimcilikagi.org\/?p=1092\" class=\"tpg-post-link\" target=\"_self\">                        <img loading=\"lazy\" decoding=\"async\" src=\"https:\/\/musterek.sosyalgirisimcilikagi.org\/wp-content\/uploads\/2023\/09\/Birinci-Ortak-Yaratim-Atolyesi-1-768x432.png\"\n                             class=\"rt-img-responsive\"\n                             width=\"768\"\n                             height=\"432\"\n                             alt=\"Ortak Tasar\u0131m At\u00f6lyesi #1\">\n\t\t\t\t\t\t\n\t\t\t\t\t\t\t\n\t\t<\/a>\n\t\t        <div class=\"overlay grid-hover-content\"><\/div>\n\t\t\t\t\t\t<\/div>\n\t\t\t\n\t\t\t<div class=\"grid-hover-content\">\n\t\t\t\t<div class=\"entry-title-wrapper\"><h3 class=\"entry-title\"><a data-id=\"1092\" href=\"https:\/\/musterek.sosyalgirisimcilikagi.org\/?p=1092\" class=\"tpg-post-link\" target=\"_self\">Ortak Tasar\u0131m At\u00f6lyesi #1<\/a><\/h3><\/div>\n\t\t\t\t\t\t\t\t\t<div class=\"post-meta-tags rt-el-post-meta\">\n\t\t\t\t\t\t            <span class='date'>\n\t\t\t\t<i class='far fa-calendar-alt '><\/i>\t\t\t\t<a href=\"https:\/\/musterek.sosyalgirisimcilikagi.org\/?m=20230901\">\n\t\t\t\t\tSeptember 1, 2023\t\t\t\t<\/a>\n\t\t\t<\/span>\n\t\t\t\t\t\t\t\t<\/div>\n\t\t\t\t\n\t\t\t\t\t\t\t\t\t<div class=\"tpg-excerpt tpg-el-excerpt\">\n\t\t\t\t\t\t\t\t\t\t\t\t\t<div class=\"tpg-excerpt-inner\">\n\t\t\t\t\t\t\t\tOrtak Tasar\u0131m At\u00f6lyesi #1 Enhancer &#8211; M\u00fc\u015fterek Projesi\u2019nin temel hedeflerinden biri de; m\u00fclteci...\t\t\t\t\t\t\t<\/div>\n\t\t\t\t\t\t\t\t\t\t\t\t\t\t\t\t\t<\/div>\n\t\t\t\t\n\t\t\t\t        <div class=\"post-footer\">\n            <div class=\"post-footer\">\n                <div class=\"read-more\">\n\t\t\t\t\t<a data-id=\"1092\" href=\"https:\/\/musterek.sosyalgirisimcilikagi.org\/?p=1092\" class=\"tpg-post-link\" target=\"_self\">Daha Fazla<\/a>                <\/div>\n            <\/div>\n        <\/div>\n\t\t\t\t\t<\/div>\n\t\t<\/div>\n\t<\/div>\n<\/div>\n\n<div class=\"rt-col-md-4 rt-col-sm-6 rt-col-xs-12 default rt-grid-hover-item rt-grid-item\" data-id=\"642\">\n\t<div class=\"rt-holder tpg-post-holder\">\n\t\t<div class=\"rt-detail rt-el-content-wrapper\">\n\t\t\t\t\t\t\t<div class=\"rt-img-holder tpg-el-image-wrap has-thumbnail\">\n\t\t\t\t\t<a data-id=\"642\" href=\"https:\/\/musterek.sosyalgirisimcilikagi.org\/?p=642\" class=\"tpg-post-link\" target=\"_self\">                        <img loading=\"lazy\" decoding=\"async\" src=\"https:\/\/musterek.sosyalgirisimcilikagi.org\/wp-content\/uploads\/2023\/07\/amaclar-768x922.png\"\n                             class=\"rt-img-responsive\"\n                             width=\"768\"\n                             height=\"922\"\n                             alt=\"Faaliyetler\">\n\t\t\t\t\t\t\n\t\t\t\t\t\t\t\n\t\t<\/a>\n\t\t        <div class=\"overlay grid-hover-content\"><\/div>\n\t\t\t\t\t\t<\/div>\n\t\t\t\n\t\t\t<div class=\"grid-hover-content\">\n\t\t\t\t<div class=\"entry-title-wrapper\"><h3 class=\"entry-title\"><a data-id=\"642\" href=\"https:\/\/musterek.sosyalgirisimcilikagi.org\/?p=642\" class=\"tpg-post-link\" target=\"_self\">Faaliyetler<\/a><\/h3><\/div>\n\t\t\t\t\t\t\t\t\t<div class=\"post-meta-tags rt-el-post-meta\">\n\t\t\t\t\t\t            <span class='date'>\n\t\t\t\t<i class='far fa-calendar-alt '><\/i>\t\t\t\t<a href=\"https:\/\/musterek.sosyalgirisimcilikagi.org\/?m=20230802\">\n\t\t\t\t\tAugust 2, 2023\t\t\t\t<\/a>\n\t\t\t<\/span>\n\t\t\t\t\t\t\t\t<\/div>\n\t\t\t\t\n\t\t\t\t\t\t\t\t\t<div class=\"tpg-excerpt tpg-el-excerpt\">\n\t\t\t\t\t\t\t\t\t\t\t\t\t<div class=\"tpg-excerpt-inner\">\n\t\t\t\t\t\t\t\tM\u00fc\u015fterek Projesi kapsam\u0131nda \u00fc\u00e7 ana faaliyet yer al\u0131yor. \u00a0 Kapsay\u0131c\u0131 giri\u015fimcilik desteklerine...\t\t\t\t\t\t\t<\/div>\n\t\t\t\t\t\t\t\t\t\t\t\t\t\t\t\t\t<\/div>\n\t\t\t\t\n\t\t\t\t        <div class=\"post-footer\">\n            <div class=\"post-footer\">\n                <div class=\"read-more\">\n\t\t\t\t\t<a data-id=\"642\" href=\"https:\/\/musterek.sosyalgirisimcilikagi.org\/?p=642\" class=\"tpg-post-link\" target=\"_self\">Daha Fazla<\/a>                <\/div>\n            <\/div>\n        <\/div>\n\t\t\t\t\t<\/div>\n\t\t<\/div>\n\t<\/div>\n<\/div>\n\t\t\t<\/div>\n\n\t\t\t\t\t<\/div>\n\t\t\t\t<\/div>\n\t\t\t\t<\/div>\n\t\t\t\t\t<\/div>\n\t\t<\/div>\n\t\t\t\t\t<\/div>\n\t\t<\/section>\n\t\t\t\t<\/div>\n\t\t","protected":false},"excerpt":{"rendered":"<p>Kapsay\u0131c\u0131 Giri\u015fimcilik Uygulama Toplulu\u011fu November 22, 2023 Kapsay\u0131c\u0131 Giri\u015fimcilik Uygulama Toplulu\u011fu Kapsay\u0131c\u0131 giri\u015fimcilik \u00fczerine bilgi ve tecr\u00fcbe payla\u015f\u0131m\u0131&#8230; Daha Fazla Kapsay\u0131c\u0131l\u0131k Ara\u00e7 Seti Yay\u0131nda! November 13, 2023 Kapsay\u0131c\u0131l\u0131k Ara\u00e7 Seti: \u00a0 \u00a0Bu ara\u00e7 seti programlar\u0131n\u0131z\u0131 daha kapsay\u0131c\u0131 bir \u015fekilde tasarlaman\u0131za ve&#8230; Daha Fazla Kapsay\u0131c\u0131l\u0131k Festivali October 31, 2023 Kapsay\u0131c\u0131 Giri\u015fimcilik Festivali Daha kapsay\u0131c\u0131 bir giri\u015fimcilik [&hellip;]<\/p>\n","protected":false},"author":1,"featured_media":0,"parent":0,"menu_order":0,"comment_status":"closed","ping_status":"closed","template":"","meta":{"footnotes":""},"class_list":["post-609","page","type-page","status-publish","hentry"],"rttpg_featured_image_url":null,"rttpg_author":{"display_name":"admin","author_link":"https:\/\/musterek.sosyalgirisimcilikagi.org\/?author=1"},"rttpg_comment":0,"rttpg_category":"","rttpg_excerpt":"Kapsay\u0131c\u0131 Giri\u015fimcilik Uygulama Toplulu\u011fu November 22, 2023 Kapsay\u0131c\u0131 Giri\u015fimcilik Uygulama Toplulu\u011fu Kapsay\u0131c\u0131 giri\u015fimcilik \u00fczerine bilgi ve tecr\u00fcbe payla\u015f\u0131m\u0131&#8230; Daha Fazla Kapsay\u0131c\u0131l\u0131k Ara\u00e7 Seti Yay\u0131nda! November 13, 2023 Kapsay\u0131c\u0131l\u0131k Ara\u00e7 Seti: \u00a0 \u00a0Bu ara\u00e7 seti programlar\u0131n\u0131z\u0131 daha kapsay\u0131c\u0131 bir \u015fekilde tasarlaman\u0131za ve&#8230; Daha Fazla Kapsay\u0131c\u0131l\u0131k Festivali October 31, 2023 Kapsay\u0131c\u0131 Giri\u015fimcilik Festivali Daha kapsay\u0131c\u0131 bir giri\u015fimcilik&hellip;","_links":{"self":[{"href":"https:\/\/musterek.sosyalgirisimcilikagi.org\/index.php?rest_route=\/wp\/v2\/pages\/609","targetHints":{"allow":["GET"]}}],"collection":[{"href":"https:\/\/musterek.sosyalgirisimcilikagi.org\/index.php?rest_route=\/wp\/v2\/pages"}],"about":[{"href":"https:\/\/musterek.sosyalgirisimcilikagi.org\/index.php?rest_route=\/wp\/v2\/types\/page"}],"author":[{"embeddable":true,"href":"https:\/\/musterek.sosyalgirisimcilikagi.org\/index.php?rest_route=\/wp\/v2\/users\/1"}],"replies":[{"embeddable":true,"href":"https:\/\/musterek.sosyalgirisimcilikagi.org\/index.php?rest_route=%2Fwp%2Fv2%2Fcomments&post=609"}],"version-history":[{"count":85,"href":"https:\/\/musterek.sosyalgirisimcilikagi.org\/index.php?rest_route=\/wp\/v2\/pages\/609\/revisions"}],"predecessor-version":[{"id":2038,"href":"https:\/\/musterek.sosyalgirisimcilikagi.org\/index.php?rest_route=\/wp\/v2\/pages\/609\/revisions\/2038"}],"wp:attachment":[{"href":"https:\/\/musterek.sosyalgirisimcilikagi.org\/index.php?rest_route=%2Fwp%2Fv2%2Fmedia&parent=609"}],"curies":[{"name":"wp","href":"https:\/\/api.w.org\/{rel}","templated":true}]}}