{"id":533,"date":"2023-08-02T15:24:15","date_gmt":"2023-08-02T12:24:15","guid":{"rendered":"https:\/\/musterek.sosyalgirisimcilikagi.org\/?page_id=533"},"modified":"2023-11-28T18:04:23","modified_gmt":"2023-11-28T15:04:23","slug":"duyuru","status":"publish","type":"page","link":"https:\/\/musterek.sosyalgirisimcilikagi.org\/?page_id=533","title":{"rendered":"Duyuru"},"content":{"rendered":"\t\t<div data-elementor-type=\"wp-page\" data-elementor-id=\"533\" class=\"elementor elementor-533\">\n\t\t\t\t\t\t<section class=\"elementor-section elementor-top-section elementor-element elementor-element-4b03d47 elementor-section-boxed elementor-section-height-default elementor-section-height-default\" data-id=\"4b03d47\" data-element_type=\"section\">\n\t\t\t\t\t\t<div class=\"elementor-container elementor-column-gap-default\">\n\t\t\t\t\t<div class=\"elementor-column elementor-col-100 elementor-top-column elementor-element elementor-element-4c38bf2\" data-id=\"4c38bf2\" data-element_type=\"column\">\n\t\t\t<div class=\"elementor-widget-wrap elementor-element-populated\">\n\t\t\t\t\t\t<div class=\"elementor-element elementor-element-d5c4b3a elementor-widget-divider--view-line elementor-widget elementor-widget-divider\" data-id=\"d5c4b3a\" data-element_type=\"widget\" data-widget_type=\"divider.default\">\n\t\t\t\t<div class=\"elementor-widget-container\">\n\t\t\t\t\t<div class=\"elementor-divider\">\n\t\t\t<span class=\"elementor-divider-separator\">\n\t\t\t\t\t\t<\/span>\n\t\t<\/div>\n\t\t\t\t<\/div>\n\t\t\t\t<\/div>\n\t\t\t\t<section class=\"elementor-section elementor-inner-section elementor-element elementor-element-5236ef9 elementor-section-boxed elementor-section-height-default elementor-section-height-default\" data-id=\"5236ef9\" data-element_type=\"section\" data-settings=\"{&quot;background_background&quot;:&quot;classic&quot;}\">\n\t\t\t\t\t\t<div class=\"elementor-container elementor-column-gap-default\">\n\t\t\t\t\t<div class=\"elementor-column elementor-col-33 elementor-inner-column elementor-element elementor-element-3c36c17\" data-id=\"3c36c17\" data-element_type=\"column\">\n\t\t\t<div class=\"elementor-widget-wrap elementor-element-populated\">\n\t\t\t\t\t\t<div class=\"elementor-element elementor-element-d4cc4b7 elementor-widget elementor-widget-image\" data-id=\"d4cc4b7\" data-element_type=\"widget\" data-widget_type=\"image.default\">\n\t\t\t\t<div class=\"elementor-widget-container\">\n\t\t\t\t\t\t\t\t\t\t\t\t\t\t<a href=\"https:\/\/www.icmpd.org\" target=\"_blank\">\n\t\t\t\t\t\t\t<img fetchpriority=\"high\" decoding=\"async\" width=\"768\" height=\"264\" src=\"https:\/\/musterek.sosyalgirisimcilikagi.org\/wp-content\/uploads\/2023\/05\/ICMPD_logo_transparent_v1-768x264.png\" class=\"attachment-medium_large size-medium_large wp-image-320\" alt=\"\" \/>\t\t\t\t\t\t\t\t<\/a>\n\t\t\t\t\t\t\t\t\t\t\t\t\t<\/div>\n\t\t\t\t<\/div>\n\t\t\t\t\t<\/div>\n\t\t<\/div>\n\t\t\t\t<div class=\"elementor-column elementor-col-33 elementor-inner-column elementor-element elementor-element-285a298\" data-id=\"285a298\" data-element_type=\"column\">\n\t\t\t<div class=\"elementor-widget-wrap elementor-element-populated\">\n\t\t\t\t\t\t<div class=\"elementor-element elementor-element-2e9571a elementor-widget elementor-widget-image\" data-id=\"2e9571a\" data-element_type=\"widget\" data-widget_type=\"image.default\">\n\t\t\t\t<div class=\"elementor-widget-container\">\n\t\t\t\t\t\t\t\t\t\t\t\t\t<img decoding=\"async\" width=\"1571\" height=\"897\" src=\"https:\/\/musterek.sosyalgirisimcilikagi.org\/wp-content\/uploads\/2023\/05\/EU_TR-flag.png\" class=\"attachment-full size-full wp-image-30\" alt=\"\" \/>\t\t\t\t\t\t\t\t\t\t\t\t\t<\/div>\n\t\t\t\t<\/div>\n\t\t\t\t\t<\/div>\n\t\t<\/div>\n\t\t\t\t<div class=\"elementor-column elementor-col-33 elementor-inner-column elementor-element elementor-element-fcb49df\" data-id=\"fcb49df\" data-element_type=\"column\">\n\t\t\t<div class=\"elementor-widget-wrap elementor-element-populated\">\n\t\t\t\t\t\t<div class=\"elementor-element elementor-element-8707e2a elementor-widget elementor-widget-image\" data-id=\"8707e2a\" data-element_type=\"widget\" data-widget_type=\"image.default\">\n\t\t\t\t<div class=\"elementor-widget-container\">\n\t\t\t\t\t\t\t\t\t\t\t\t\t\t<a href=\"https:\/\/www.sanayi.gov.tr\/anasayfa\" target=\"_blank\">\n\t\t\t\t\t\t\t<img decoding=\"async\" width=\"1200\" height=\"886\" src=\"https:\/\/musterek.sosyalgirisimcilikagi.org\/wp-content\/uploads\/2023\/05\/STB-Logo-Yatay-Kullanim-TR.png\" class=\"attachment-2048x2048 size-2048x2048 wp-image-34\" alt=\"\" \/>\t\t\t\t\t\t\t\t<\/a>\n\t\t\t\t\t\t\t\t\t\t\t\t\t<\/div>\n\t\t\t\t<\/div>\n\t\t\t\t\t<\/div>\n\t\t<\/div>\n\t\t\t\t\t<\/div>\n\t\t<\/section>\n\t\t\t\t\t<\/div>\n\t\t<\/div>\n\t\t\t\t\t<\/div>\n\t\t<\/section>\n\t\t\t\t<section class=\"elementor-section elementor-top-section elementor-element elementor-element-a00ea46 elementor-section-boxed elementor-section-height-default elementor-section-height-default\" data-id=\"a00ea46\" data-element_type=\"section\">\n\t\t\t\t\t\t<div class=\"elementor-container elementor-column-gap-default\">\n\t\t\t\t\t<div class=\"elementor-column elementor-col-100 elementor-top-column elementor-element elementor-element-3ab2577\" data-id=\"3ab2577\" data-element_type=\"column\">\n\t\t\t<div class=\"elementor-widget-wrap elementor-element-populated\">\n\t\t\t\t\t\t<div class=\"elementor-element elementor-element-130c2b9 elementor-widget-divider--view-line elementor-widget elementor-widget-divider\" data-id=\"130c2b9\" data-element_type=\"widget\" data-widget_type=\"divider.default\">\n\t\t\t\t<div class=\"elementor-widget-container\">\n\t\t\t\t\t<div class=\"elementor-divider\">\n\t\t\t<span class=\"elementor-divider-separator\">\n\t\t\t\t\t\t<\/span>\n\t\t<\/div>\n\t\t\t\t<\/div>\n\t\t\t\t<\/div>\n\t\t\t\t<div class=\"elementor-element elementor-element-945fbd4 elementor-widget elementor-widget-heading\" data-id=\"945fbd4\" data-element_type=\"widget\" data-widget_type=\"heading.default\">\n\t\t\t\t<div class=\"elementor-widget-container\">\n\t\t\t<h2 class=\"elementor-heading-title elementor-size-large\">Duyurular<\/h2>\t\t<\/div>\n\t\t\t\t<\/div>\n\t\t\t\t\t<\/div>\n\t\t<\/div>\n\t\t\t\t\t<\/div>\n\t\t<\/section>\n\t\t\t\t<section class=\"elementor-section elementor-top-section elementor-element elementor-element-54fb76b elementor-section-boxed elementor-section-height-default elementor-section-height-default\" data-id=\"54fb76b\" data-element_type=\"section\">\n\t\t\t\t\t\t<div class=\"elementor-container elementor-column-gap-default\">\n\t\t\t\t\t<div class=\"elementor-column elementor-col-100 elementor-top-column elementor-element elementor-element-08a807c\" data-id=\"08a807c\" data-element_type=\"column\">\n\t\t\t<div class=\"elementor-widget-wrap elementor-element-populated\">\n\t\t\t\t\t\t<div class=\"elementor-element elementor-element-c54bc0e meta-visibility-show title_position_default title_hover_border_default title-default img_hover_animation_default meta_position_default readmore-btn-default-style grid-hover-overlay-type-always tpg-el-box-border-enable tpg-border-bottom-disable elementor-widget elementor-widget-tpg-list-layout\" data-id=\"c54bc0e\" data-element_type=\"widget\" data-widget_type=\"tpg-list-layout.default\">\n\t\t\t\t<div class=\"elementor-widget-container\">\n\t\t\t\n\t\t<div class=\"rt-container-fluid rt-tpg-container tpg-el-main-wrapper list-layout1-main \"\n\t\t\t data-sc-id=\"elementor\"\n\t\t\t id=\"rt-tpg-container-2097351319\"\n\t\t\t data-layout=\"list-layout1\"\n\t\t\t data-grid-style=\"tpg-even\"\n\t\t\t data-el-settings=''\n\t\t\t data-el-query=''\n\t\t\t data-el-path=''\n\t\t>\n\t\t\t\t\t\t\t<div id=\"bottom-script-loader\" class=\"bottom-script-loader\">\n\t\t\t\t\t<div class=\"rt-ball-clip-rotate\">\n\t\t\t\t\t\t<div><\/div>\n\t\t\t\t\t<\/div>\n\t\t\t\t<\/div>\n\t\t\t\t\t\t\t<div class='tpg-header-wrapper '>\n\t\t\t\t\t\t\t<\/div>\n\n\t\t\t<div data-title=\"Loading ...\" class=\"rt-row rt-content-loader list-layout1 tpg-even list-behaviour list-layout-wrapper\">\n\t\t\t\t\n<div class=\"rt-col-md-12 rt-col-sm-12 rt-col-xs-12 default rt-list-item rt-grid-item\" data-id=\"1903\">\n\t<div class=\"rt-holder tpg-post-holder\">\n\t\t<div class=\"rt-detail rt-el-content-wrapper\">\n\t\t\t\t\t\t\t<div class=\"rt-img-holder tpg-el-image-wrap has-thumbnail\">\n\t\t\t\t\t<a data-id=\"1903\" href=\"https:\/\/musterek.sosyalgirisimcilikagi.org\/?p=1903\" class=\"tpg-post-link\" target=\"_self\">                        <img loading=\"lazy\" decoding=\"async\" src=\"https:\/\/musterek.sosyalgirisimcilikagi.org\/wp-content\/uploads\/2023\/11\/sliders-18-768x735.png\"\n                             class=\"rt-img-responsive\"\n                             width=\"768\"\n                             height=\"735\"\n                             alt=\"Uygulama Toplulu\u011funa Kat\u0131l\u0131n\">\n\t\t\t\t\t\t\n\t\t\t\t\t\t\t\n\t\t<\/a>\n\t\t        <div class=\"overlay grid-hover-content\"><\/div>\n\t\t\t\t\t\t<\/div>\n\t\t\t\n\t\t\t<div class=\"post-right-content\">\n\t\t\t\t<div class=\"entry-title-wrapper\"><h3 class=\"entry-title\"><a data-id=\"1903\" href=\"https:\/\/musterek.sosyalgirisimcilikagi.org\/?p=1903\" class=\"tpg-post-link\" target=\"_self\">Uygulama Toplulu\u011funa Kat\u0131l\u0131n<\/a><\/h3><\/div>\n\t\t\t\t\t\t\t\t\t<div class=\"post-meta-tags rt-el-post-meta\">\n\t\t\t\t\t\t            <span class='date'>\n\t\t\t\t<i class='far fa-calendar-alt '><\/i>\t\t\t\t<a href=\"https:\/\/musterek.sosyalgirisimcilikagi.org\/?m=20231123\">\n\t\t\t\t\tNovember 23, 2023\t\t\t\t<\/a>\n\t\t\t<\/span>\n\t\t\t\t\t\t\t\t<\/div>\n\t\t\t\t\n\t\t\t\t\t\t\t\t\t<div class=\"tpg-excerpt tpg-el-excerpt\">\n\t\t\t\t\t\t\t\t\t\t\t\t\t<div class=\"tpg-excerpt-inner\">\n\t\t\t\t\t\t\t\tKapsay\u0131c\u0131 giri\u015fimcilik \u00fczerine bilgi ve tecr\u00fcbe payla\u015f\u0131m\u0131 ger\u00e7ekle\u015ftirecek bir uygulama toplulu\u011fu...\t\t\t\t\t\t\t<\/div>\n\t\t\t\t\t\t\t\t\t\t\t\t\t\t\t\t\t<\/div>\n\t\t\t\t\n\t\t\t\t        <div class=\"post-footer\">\n            <div class=\"post-footer\">\n                <div class=\"read-more\">\n\t\t\t\t\t<a data-id=\"1903\" href=\"https:\/\/musterek.sosyalgirisimcilikagi.org\/?p=1903\" class=\"tpg-post-link\" target=\"_self\">Daha fazla<\/a>                <\/div>\n            <\/div>\n        <\/div>\n\t\t\t\t\t<\/div>\n\t\t<\/div>\n\t<\/div>\n<\/div>\n\n<div class=\"rt-col-md-12 rt-col-sm-12 rt-col-xs-12 default rt-list-item rt-grid-item\" data-id=\"1020\">\n\t<div class=\"rt-holder tpg-post-holder\">\n\t\t<div class=\"rt-detail rt-el-content-wrapper\">\n\t\t\t\t\t\t\t<div class=\"rt-img-holder tpg-el-image-wrap has-thumbnail\">\n\t\t\t\t\t<a data-id=\"1020\" href=\"https:\/\/musterek.sosyalgirisimcilikagi.org\/?p=1020\" class=\"tpg-post-link\" target=\"_self\">                        <img loading=\"lazy\" decoding=\"async\" src=\"https:\/\/musterek.sosyalgirisimcilikagi.org\/wp-content\/uploads\/2023\/08\/duyurular-768x922.png\"\n                             class=\"rt-img-responsive\"\n                             width=\"768\"\n                             height=\"922\"\n                             alt=\"Call for an Online Co-creation Workshop \/ Closed\">\n\t\t\t\t\t\t\n\t\t\t\t\t\t\t\n\t\t<\/a>\n\t\t        <div class=\"overlay grid-hover-content\"><\/div>\n\t\t\t\t\t\t<\/div>\n\t\t\t\n\t\t\t<div class=\"post-right-content\">\n\t\t\t\t<div class=\"entry-title-wrapper\"><h3 class=\"entry-title\"><a data-id=\"1020\" href=\"https:\/\/musterek.sosyalgirisimcilikagi.org\/?p=1020\" class=\"tpg-post-link\" target=\"_self\">Call for an Online Co-creation Workshop \/ Closed<\/a><\/h3><\/div>\n\t\t\t\t\t\t\t\t\t<div class=\"post-meta-tags rt-el-post-meta\">\n\t\t\t\t\t\t            <span class='date'>\n\t\t\t\t<i class='far fa-calendar-alt '><\/i>\t\t\t\t<a href=\"https:\/\/musterek.sosyalgirisimcilikagi.org\/?m=20230828\">\n\t\t\t\t\tAugust 28, 2023\t\t\t\t<\/a>\n\t\t\t<\/span>\n\t\t\t\t\t\t\t\t<\/div>\n\t\t\t\t\n\t\t\t\t\t\t\t\t\t<div class=\"tpg-excerpt tpg-el-excerpt\">\n\t\t\t\t\t\t\t\t\t\t\t\t\t<div class=\"tpg-excerpt-inner\">\n\t\t\t\t\t\t\t\tAre you a migrant entrepreneur in T\u00fcrkiye? YOU ARE INVITED! We would like to hear your opinion and...\t\t\t\t\t\t\t<\/div>\n\t\t\t\t\t\t\t\t\t\t\t\t\t\t\t\t\t<\/div>\n\t\t\t\t\n\t\t\t\t        <div class=\"post-footer\">\n            <div class=\"post-footer\">\n                <div class=\"read-more\">\n\t\t\t\t\t<a data-id=\"1020\" href=\"https:\/\/musterek.sosyalgirisimcilikagi.org\/?p=1020\" class=\"tpg-post-link\" target=\"_self\">Daha fazla<\/a>                <\/div>\n            <\/div>\n        <\/div>\n\t\t\t\t\t<\/div>\n\t\t<\/div>\n\t<\/div>\n<\/div>\n\n<div class=\"rt-col-md-12 rt-col-sm-12 rt-col-xs-12 default rt-list-item rt-grid-item\" data-id=\"548\">\n\t<div class=\"rt-holder tpg-post-holder\">\n\t\t<div class=\"rt-detail rt-el-content-wrapper\">\n\t\t\t\t\t\t\t<div class=\"rt-img-holder tpg-el-image-wrap has-thumbnail\">\n\t\t\t\t\t<a data-id=\"548\" href=\"https:\/\/musterek.sosyalgirisimcilikagi.org\/?p=548\" class=\"tpg-post-link\" target=\"_self\">                        <img loading=\"lazy\" decoding=\"async\" src=\"https:\/\/musterek.sosyalgirisimcilikagi.org\/wp-content\/uploads\/2023\/08\/Thumbnail-01-768x768.png\"\n                             class=\"rt-img-responsive\"\n                             width=\"768\"\n                             height=\"768\"\n                             alt=\"Call For Experts \/ Closed\">\n\t\t\t\t\t\t\n\t\t\t\t\t\t\t\n\t\t<\/a>\n\t\t        <div class=\"overlay grid-hover-content\"><\/div>\n\t\t\t\t\t\t<\/div>\n\t\t\t\n\t\t\t<div class=\"post-right-content\">\n\t\t\t\t<div class=\"entry-title-wrapper\"><h3 class=\"entry-title\"><a data-id=\"548\" href=\"https:\/\/musterek.sosyalgirisimcilikagi.org\/?p=548\" class=\"tpg-post-link\" target=\"_self\">Call For Experts \/ Closed<\/a><\/h3><\/div>\n\t\t\t\t\t\t\t\t\t<div class=\"post-meta-tags rt-el-post-meta\">\n\t\t\t\t\t\t            <span class='date'>\n\t\t\t\t<i class='far fa-calendar-alt '><\/i>\t\t\t\t<a href=\"https:\/\/musterek.sosyalgirisimcilikagi.org\/?m=20230802\">\n\t\t\t\t\tAugust 2, 2023\t\t\t\t<\/a>\n\t\t\t<\/span>\n\t\t\t\t\t\t\t\t<\/div>\n\t\t\t\t\n\t\t\t\t\t\t\t\t\t<div class=\"tpg-excerpt tpg-el-excerpt\">\n\t\t\t\t\t\t\t\t\t\t\t\t\t<div class=\"tpg-excerpt-inner\">\n\t\t\t\t\t\t\t\tCall for Experts ENHANCER-M\u00fc\u015fterek Project is seeking experts to enhance the inclusive...\t\t\t\t\t\t\t<\/div>\n\t\t\t\t\t\t\t\t\t\t\t\t\t\t\t\t\t<\/div>\n\t\t\t\t\n\t\t\t\t        <div class=\"post-footer\">\n            <div class=\"post-footer\">\n                <div class=\"read-more\">\n\t\t\t\t\t<a data-id=\"548\" href=\"https:\/\/musterek.sosyalgirisimcilikagi.org\/?p=548\" class=\"tpg-post-link\" target=\"_self\">Daha fazla<\/a>                <\/div>\n            <\/div>\n        <\/div>\n\t\t\t\t\t<\/div>\n\t\t<\/div>\n\t<\/div>\n<\/div>\n\t\t\t<\/div>\n\n\t\t\t\n\t\t<\/div>\n\t\t\t\t<\/div>\n\t\t\t\t<\/div>\n\t\t\t\t\t<\/div>\n\t\t<\/div>\n\t\t\t\t\t<\/div>\n\t\t<\/section>\n\t\t\t\t<section class=\"elementor-section elementor-top-section elementor-element elementor-element-a0ef779 elementor-section-boxed elementor-section-height-default elementor-section-height-default\" data-id=\"a0ef779\" data-element_type=\"section\">\n\t\t\t\t\t\t<div class=\"elementor-container elementor-column-gap-default\">\n\t\t\t\t\t<div class=\"elementor-column elementor-col-100 elementor-top-column elementor-element elementor-element-bc33e75\" data-id=\"bc33e75\" data-element_type=\"column\">\n\t\t\t<div class=\"elementor-widget-wrap elementor-element-populated\">\n\t\t\t\t\t\t<div class=\"elementor-element elementor-element-1cfc3d2 elementor-widget-divider--view-line elementor-widget elementor-widget-divider\" data-id=\"1cfc3d2\" data-element_type=\"widget\" data-widget_type=\"divider.default\">\n\t\t\t\t<div class=\"elementor-widget-container\">\n\t\t\t\t\t<div class=\"elementor-divider\">\n\t\t\t<span class=\"elementor-divider-separator\">\n\t\t\t\t\t\t<\/span>\n\t\t<\/div>\n\t\t\t\t<\/div>\n\t\t\t\t<\/div>\n\t\t\t\t<div class=\"elementor-element elementor-element-24f1da1 elementor-widget elementor-widget-text-editor\" data-id=\"24f1da1\" data-element_type=\"widget\" data-widget_type=\"text-editor.default\">\n\t\t\t\t<div class=\"elementor-widget-container\">\n\t\t\t\t\t\t\t<h6><em>Bu proje, Uluslararas\u0131 G\u00f6\u00e7 Politikalar\u0131 Geli\u015ftirme Merkezi (ICMPD) taraf\u0131ndan uygulanan, T.C Sanayi ve Teknoloji Bakanl\u0131\u011f\u0131 Kalk\u0131nma Ajanslar\u0131 Genel M\u00fcd\u00fcrl\u00fc\u011f\u00fc koordinasyonuyla y\u00fcr\u00fct\u00fclen ENHANCER program\u0131 kapsam\u0131nda Avrupa Birli\u011fi taraf\u0131ndan finanse edilmektedir. Burada yer alan i\u00e7eriklerden T\u00fcrkiye Sosyal Giri\u015fimcilik A\u011f\u0131 sorumlu olup Avrupa Birli\u011fi, ICMPD ve T.C Sanayi ve Teknoloji Bakanl\u0131\u011f\u0131 sorumlu tutulamaz.<\/em><\/h6>\t\t\t\t\t\t<\/div>\n\t\t\t\t<\/div>\n\t\t\t\t<section class=\"elementor-section elementor-inner-section elementor-element elementor-element-5de062c elementor-section-boxed elementor-section-height-default elementor-section-height-default\" data-id=\"5de062c\" data-element_type=\"section\" data-settings=\"{&quot;animation&quot;:&quot;none&quot;}\">\n\t\t\t\t\t\t<div class=\"elementor-container elementor-column-gap-default\">\n\t\t\t\t\t<div class=\"elementor-column elementor-col-20 elementor-inner-column elementor-element elementor-element-8a8839e\" data-id=\"8a8839e\" data-element_type=\"column\">\n\t\t\t<div class=\"elementor-widget-wrap elementor-element-populated\">\n\t\t\t\t\t\t<div class=\"elementor-element elementor-element-70fa3d4 elementor-widget elementor-widget-image\" data-id=\"70fa3d4\" data-element_type=\"widget\" data-widget_type=\"image.default\">\n\t\t\t\t<div class=\"elementor-widget-container\">\n\t\t\t\t\t\t\t\t\t\t\t\t\t\t<a href=\"https:\/\/www.istka.org.tr\" target=\"_blank\">\n\t\t\t\t\t\t\t<img loading=\"lazy\" decoding=\"async\" width=\"300\" height=\"225\" src=\"https:\/\/musterek.sosyalgirisimcilikagi.org\/wp-content\/uploads\/2023\/05\/ISTKA-TR-300x225.png\" class=\"attachment-medium size-medium wp-image-35\" alt=\"\" \/>\t\t\t\t\t\t\t\t<\/a>\n\t\t\t\t\t\t\t\t\t\t\t\t\t<\/div>\n\t\t\t\t<\/div>\n\t\t\t\t\t<\/div>\n\t\t<\/div>\n\t\t\t\t<div class=\"elementor-column elementor-col-20 elementor-inner-column elementor-element elementor-element-6450ed3\" data-id=\"6450ed3\" data-element_type=\"column\">\n\t\t\t<div class=\"elementor-widget-wrap elementor-element-populated\">\n\t\t\t\t\t\t<div class=\"elementor-element elementor-element-99f3511 elementor-widget elementor-widget-image\" data-id=\"99f3511\" data-element_type=\"widget\" data-widget_type=\"image.default\">\n\t\t\t\t<div class=\"elementor-widget-container\">\n\t\t\t\t\t\t\t\t\t\t\t\t\t\t<a href=\"https:\/\/istanbul.impacthub.net\/\" target=\"_blank\">\n\t\t\t\t\t\t\t<img loading=\"lazy\" decoding=\"async\" width=\"300\" height=\"225\" src=\"https:\/\/musterek.sosyalgirisimcilikagi.org\/wp-content\/uploads\/2023\/05\/SII-LOGO-TR-300x225.png\" class=\"attachment-medium size-medium wp-image-36\" alt=\"\" \/>\t\t\t\t\t\t\t\t<\/a>\n\t\t\t\t\t\t\t\t\t\t\t\t\t<\/div>\n\t\t\t\t<\/div>\n\t\t\t\t\t<\/div>\n\t\t<\/div>\n\t\t\t\t<div class=\"elementor-column elementor-col-20 elementor-inner-column elementor-element elementor-element-63b0c33\" data-id=\"63b0c33\" data-element_type=\"column\">\n\t\t\t<div class=\"elementor-widget-wrap elementor-element-populated\">\n\t\t\t\t\t\t<div class=\"elementor-element elementor-element-d3e0fa5 elementor-widget elementor-widget-image\" data-id=\"d3e0fa5\" data-element_type=\"widget\" data-widget_type=\"image.default\">\n\t\t\t\t<div class=\"elementor-widget-container\">\n\t\t\t\t\t\t\t\t\t\t\t\t\t\t<a href=\"https:\/\/ashokaturkiye.org\" target=\"_blank\">\n\t\t\t\t\t\t\t<img loading=\"lazy\" decoding=\"async\" width=\"300\" height=\"212\" src=\"https:\/\/musterek.sosyalgirisimcilikagi.org\/wp-content\/uploads\/2023\/05\/AshokaTurkiye-Dikey-Logo-300x212.png\" class=\"attachment-medium size-medium wp-image-37\" alt=\"\" \/>\t\t\t\t\t\t\t\t<\/a>\n\t\t\t\t\t\t\t\t\t\t\t\t\t<\/div>\n\t\t\t\t<\/div>\n\t\t\t\t\t<\/div>\n\t\t<\/div>\n\t\t\t\t<div class=\"elementor-column elementor-col-20 elementor-inner-column elementor-element elementor-element-8967367\" data-id=\"8967367\" data-element_type=\"column\">\n\t\t\t<div class=\"elementor-widget-wrap elementor-element-populated\">\n\t\t\t\t\t\t<div class=\"elementor-element elementor-element-ab5b95e elementor-widget elementor-widget-image\" data-id=\"ab5b95e\" data-element_type=\"widget\" data-widget_type=\"image.default\">\n\t\t\t\t<div class=\"elementor-widget-container\">\n\t\t\t\t\t\t\t\t\t\t\t\t\t\t<a href=\"https:\/\/www.istasyon.tedu.edu.tr\" target=\"_blank\">\n\t\t\t\t\t\t\t<img loading=\"lazy\" decoding=\"async\" width=\"300\" height=\"188\" src=\"https:\/\/musterek.sosyalgirisimcilikagi.org\/wp-content\/uploads\/2023\/05\/istasyonTEDU-300x188.png\" class=\"attachment-medium size-medium wp-image-38\" alt=\"\" \/>\t\t\t\t\t\t\t\t<\/a>\n\t\t\t\t\t\t\t\t\t\t\t\t\t<\/div>\n\t\t\t\t<\/div>\n\t\t\t\t\t<\/div>\n\t\t<\/div>\n\t\t\t\t<div class=\"elementor-column elementor-col-20 elementor-inner-column elementor-element elementor-element-54ea4ae\" data-id=\"54ea4ae\" data-element_type=\"column\">\n\t\t\t<div class=\"elementor-widget-wrap elementor-element-populated\">\n\t\t\t\t\t\t<div class=\"elementor-element elementor-element-3a8f558 elementor-widget elementor-widget-image\" data-id=\"3a8f558\" data-element_type=\"widget\" data-widget_type=\"image.default\">\n\t\t\t\t<div class=\"elementor-widget-container\">\n\t\t\t\t\t\t\t\t\t\t\t\t\t\t<a href=\"https:\/\/kusif.ku.edu.tr\" target=\"_blank\">\n\t\t\t\t\t\t\t<img loading=\"lazy\" decoding=\"async\" width=\"300\" height=\"234\" src=\"https:\/\/musterek.sosyalgirisimcilikagi.org\/wp-content\/uploads\/2023\/05\/KUSIF-2-300x234.png\" class=\"attachment-medium size-medium wp-image-342\" alt=\"\" \/>\t\t\t\t\t\t\t\t<\/a>\n\t\t\t\t\t\t\t\t\t\t\t\t\t<\/div>\n\t\t\t\t<\/div>\n\t\t\t\t\t<\/div>\n\t\t<\/div>\n\t\t\t\t\t<\/div>\n\t\t<\/section>\n\t\t\t\t\t<\/div>\n\t\t<\/div>\n\t\t\t\t\t<\/div>\n\t\t<\/section>\n\t\t\t\t<\/div>\n\t\t","protected":false},"excerpt":{"rendered":"<p>Duyurular Uygulama Toplulu\u011funa Kat\u0131l\u0131n November 23, 2023 Kapsay\u0131c\u0131 giri\u015fimcilik \u00fczerine bilgi ve tecr\u00fcbe payla\u015f\u0131m\u0131 ger\u00e7ekle\u015ftirecek bir uygulama toplulu\u011fu&#8230; Daha fazla Call for an Online Co-creation Workshop \/ Closed August 28, 2023 Are you a migrant entrepreneur in T\u00fcrkiye? YOU ARE INVITED! We would like to hear your opinion and&#8230; Daha fazla Call For Experts \/ [&hellip;]<\/p>\n","protected":false},"author":1,"featured_media":0,"parent":0,"menu_order":0,"comment_status":"closed","ping_status":"closed","template":"","meta":{"footnotes":""},"class_list":["post-533","page","type-page","status-publish","hentry"],"rttpg_featured_image_url":null,"rttpg_author":{"display_name":"admin","author_link":"https:\/\/musterek.sosyalgirisimcilikagi.org\/?author=1"},"rttpg_comment":0,"rttpg_category":"","rttpg_excerpt":"Duyurular Uygulama Toplulu\u011funa Kat\u0131l\u0131n November 23, 2023 Kapsay\u0131c\u0131 giri\u015fimcilik \u00fczerine bilgi ve tecr\u00fcbe payla\u015f\u0131m\u0131 ger\u00e7ekle\u015ftirecek bir uygulama toplulu\u011fu&#8230; Daha fazla Call for an Online Co-creation Workshop \/ Closed August 28, 2023 Are you a migrant entrepreneur in T\u00fcrkiye? YOU ARE INVITED! We would like to hear your opinion and&#8230; Daha fazla Call For Experts \/&hellip;","_links":{"self":[{"href":"https:\/\/musterek.sosyalgirisimcilikagi.org\/index.php?rest_route=\/wp\/v2\/pages\/533","targetHints":{"allow":["GET"]}}],"collection":[{"href":"https:\/\/musterek.sosyalgirisimcilikagi.org\/index.php?rest_route=\/wp\/v2\/pages"}],"about":[{"href":"https:\/\/musterek.sosyalgirisimcilikagi.org\/index.php?rest_route=\/wp\/v2\/types\/page"}],"author":[{"embeddable":true,"href":"https:\/\/musterek.sosyalgirisimcilikagi.org\/index.php?rest_route=\/wp\/v2\/users\/1"}],"replies":[{"embeddable":true,"href":"https:\/\/musterek.sosyalgirisimcilikagi.org\/index.php?rest_route=%2Fwp%2Fv2%2Fcomments&post=533"}],"version-history":[{"count":73,"href":"https:\/\/musterek.sosyalgirisimcilikagi.org\/index.php?rest_route=\/wp\/v2\/pages\/533\/revisions"}],"predecessor-version":[{"id":2034,"href":"https:\/\/musterek.sosyalgirisimcilikagi.org\/index.php?rest_route=\/wp\/v2\/pages\/533\/revisions\/2034"}],"wp:attachment":[{"href":"https:\/\/musterek.sosyalgirisimcilikagi.org\/index.php?rest_route=%2Fwp%2Fv2%2Fmedia&parent=533"}],"curies":[{"name":"wp","href":"https:\/\/api.w.org\/{rel}","templated":true}]}}